{"id":8,"date":"2022-11-09T10:41:00","date_gmt":"2022-11-09T10:41:00","guid":{"rendered":"https:\/\/mein.vn\/home\/"},"modified":"2024-08-02T07:49:33","modified_gmt":"2024-08-02T07:49:33","slug":"home","status":"publish","type":"page","link":"https:\/\/mein.vn\/vi\/","title":{"rendered":"Home"},"content":{"rendered":"<div data-elementor-type=\"wp-page\" data-elementor-id=\"8\" class=\"elementor elementor-8\" data-elementor-post-type=\"page\">\n\t\t\t\t\t\t<section class=\"elementor-section elementor-top-section elementor-element elementor-element-deabcdd elementor-section-full_width elementor-section-height-min-height elementor-section-items-stretch elementor-section-height-default\" data-id=\"deabcdd\" data-element_type=\"section\" data-settings=\"{&quot;background_background&quot;:&quot;classic&quot;}\">\n\t\t\t\t\t\t<div class=\"elementor-container elementor-column-gap-default\">\n\t\t\t\t\t<div class=\"elementor-column elementor-col-33 elementor-top-column elementor-element elementor-element-73d5287\" data-id=\"73d5287\" data-element_type=\"column\" data-settings=\"{&quot;background_background&quot;:&quot;classic&quot;}\">\n\t\t\t<div class=\"elementor-widget-wrap elementor-element-populated\">\n\t\t\t\t\t<div class=\"elementor-background-overlay\"><\/div>\n\t\t\t\t\t\t<div class=\"elementor-element elementor-element-dae809a elementor-widget elementor-widget-heading\" data-id=\"dae809a\" data-element_type=\"widget\" data-widget_type=\"heading.default\">\n\t\t\t\t<div class=\"elementor-widget-container\">\n\t\t\t<h2 class=\"elementor-heading-title elementor-size-default\">B\u00e1nh M\u00ec M\u1eb9 \u1ec8n<\/h2>\t\t<\/div>\n\t\t\t\t<\/div>\n\t\t\t\t<div class=\"elementor-element elementor-element-a15bd6e elementor-widget elementor-widget-heading\" data-id=\"a15bd6e\" data-element_type=\"widget\" data-widget_type=\"heading.default\">\n\t\t\t\t<div class=\"elementor-widget-container\">\n\t\t\t<h3 class=\"elementor-heading-title elementor-size-default\">Authentic Traditional Vietnamese Bread<\/h3>\t\t<\/div>\n\t\t\t\t<\/div>\n\t\t\t\t<div class=\"elementor-element elementor-element-106c2c7 elementor-widget elementor-widget-image\" data-id=\"106c2c7\" data-element_type=\"widget\" data-widget_type=\"image.default\">\n\t\t\t\t<div class=\"elementor-widget-container\">\n\t\t\t\t\t\t\t\t\t\t\t\t\t<img fetchpriority=\"high\" decoding=\"async\" width=\"1024\" height=\"1024\" src=\"https:\/\/mein.vn\/wp-content\/uploads\/2023\/11\/10001\u62f7\u8c9d-1024x1024.png\" class=\"attachment-large size-large wp-image-981\" alt=\"\" srcset=\"https:\/\/mein.vn\/wp-content\/uploads\/2023\/11\/10001\u62f7\u8c9d-1024x1024.png 1024w, https:\/\/mein.vn\/wp-content\/uploads\/2023\/11\/10001\u62f7\u8c9d-300x300.png 300w, https:\/\/mein.vn\/wp-content\/uploads\/2023\/11\/10001\u62f7\u8c9d-150x150.png 150w, https:\/\/mein.vn\/wp-content\/uploads\/2023\/11\/10001\u62f7\u8c9d-768x768.png 768w, https:\/\/mein.vn\/wp-content\/uploads\/2023\/11\/10001\u62f7\u8c9d-530x530.png 530w, https:\/\/mein.vn\/wp-content\/uploads\/2023\/11\/10001\u62f7\u8c9d-750x750.png 750w, https:\/\/mein.vn\/wp-content\/uploads\/2023\/11\/10001\u62f7\u8c9d-500x500.png 500w, https:\/\/mein.vn\/wp-content\/uploads\/2023\/11\/10001\u62f7\u8c9d.png 1079w\" sizes=\"(max-width: 1024px) 100vw, 1024px\" \/>\t\t\t\t\t\t\t\t\t\t\t\t\t<\/div>\n\t\t\t\t<\/div>\n\t\t\t\t<div class=\"elementor-element elementor-element-30f51cd elementor-align-center elementor-widget elementor-widget-button\" data-id=\"30f51cd\" data-element_type=\"widget\" data-widget_type=\"button.default\">\n\t\t\t\t<div class=\"elementor-widget-container\">\n\t\t\t\t\t<div class=\"elementor-button-wrapper\">\n\t\t\t<a class=\"elementor-button elementor-button-link elementor-size-sm\" href=\"https:\/\/banhmi.mein.vn\/\">\n\t\t\t\t\t\t<span class=\"elementor-button-content-wrapper\">\n\t\t\t\t\t\t\t\t\t<span class=\"elementor-button-text\">\u0110\u1eb7t B\u00e0n<\/span>\n\t\t\t\t\t<\/span>\n\t\t\t\t\t<\/a>\n\t\t<\/div>\n\t\t\t\t<\/div>\n\t\t\t\t<\/div>\n\t\t\t\t\t<\/div>\n\t\t<\/div>\n\t\t\t\t<div class=\"elementor-column elementor-col-33 elementor-top-column elementor-element elementor-element-ca00fe1\" data-id=\"ca00fe1\" data-element_type=\"column\" data-settings=\"{&quot;background_background&quot;:&quot;classic&quot;}\">\n\t\t\t<div class=\"elementor-widget-wrap elementor-element-populated\">\n\t\t\t\t\t<div class=\"elementor-background-overlay\"><\/div>\n\t\t\t\t\t\t<div class=\"elementor-element elementor-element-415d36d elementor-widget elementor-widget-heading\" data-id=\"415d36d\" data-element_type=\"widget\" data-widget_type=\"heading.default\">\n\t\t\t\t<div class=\"elementor-widget-container\">\n\t\t\t<h2 class=\"elementor-heading-title elementor-size-default\">B\u1ebfp M\u1eb9 \u1ec8n<\/h2>\t\t<\/div>\n\t\t\t\t<\/div>\n\t\t\t\t<div class=\"elementor-element elementor-element-e730b7e elementor-widget elementor-widget-heading\" data-id=\"e730b7e\" data-element_type=\"widget\" data-widget_type=\"heading.default\">\n\t\t\t\t<div class=\"elementor-widget-container\">\n\t\t\t<h3 class=\"elementor-heading-title elementor-size-default\">Authentic Traditional Vietnamese Cuisine<\/h3>\t\t<\/div>\n\t\t\t\t<\/div>\n\t\t<div class=\"elementor-element elementor-element-82bb6ef e-con-full e-flex e-con e-parent\" data-id=\"82bb6ef\" data-element_type=\"container\">\n\t\t<div class=\"elementor-element elementor-element-bfaa700 e-flex e-con-boxed e-con e-child\" data-id=\"bfaa700\" data-element_type=\"container\">\n\t\t\t\t\t<div class=\"e-con-inner\">\n\t\t\t\t<div class=\"elementor-element elementor-element-57618c4 elementor-widget elementor-widget-image\" data-id=\"57618c4\" data-element_type=\"widget\" data-widget_type=\"image.default\">\n\t\t\t\t<div class=\"elementor-widget-container\">\n\t\t\t\t\t\t\t\t\t\t\t\t\t<img decoding=\"async\" width=\"1024\" height=\"1024\" src=\"https:\/\/mein.vn\/wp-content\/uploads\/2023\/11\/10001-1024x1024.png\" class=\"attachment-large size-large wp-image-979\" alt=\"Michelin Vietnam 2023 Ho Chi Minh City Bep Me In\" srcset=\"https:\/\/mein.vn\/wp-content\/uploads\/2023\/11\/10001-1024x1024.png 1024w, https:\/\/mein.vn\/wp-content\/uploads\/2023\/11\/10001-300x300.png 300w, https:\/\/mein.vn\/wp-content\/uploads\/2023\/11\/10001-150x150.png 150w, https:\/\/mein.vn\/wp-content\/uploads\/2023\/11\/10001-768x768.png 768w, https:\/\/mein.vn\/wp-content\/uploads\/2023\/11\/10001-530x530.png 530w, https:\/\/mein.vn\/wp-content\/uploads\/2023\/11\/10001-750x750.png 750w, https:\/\/mein.vn\/wp-content\/uploads\/2023\/11\/10001-500x500.png 500w, https:\/\/mein.vn\/wp-content\/uploads\/2023\/11\/10001.png 1079w\" sizes=\"(max-width: 1024px) 100vw, 1024px\" \/>\t\t\t\t\t\t\t\t\t\t\t\t\t<\/div>\n\t\t\t\t<\/div>\n\t\t\t\t\t<\/div>\n\t\t\t\t<\/div>\n\t\t<div class=\"elementor-element elementor-element-1e3c859 e-flex e-con-boxed e-con e-child\" data-id=\"1e3c859\" data-element_type=\"container\">\n\t\t\t\t\t<div class=\"e-con-inner\">\n\t\t\t\t<div class=\"elementor-element elementor-element-e8bd797 elementor-widget elementor-widget-image\" data-id=\"e8bd797\" data-element_type=\"widget\" data-widget_type=\"image.default\">\n\t\t\t\t<div class=\"elementor-widget-container\">\n\t\t\t\t\t\t\t\t\t\t\t\t\t<img decoding=\"async\" width=\"500\" height=\"500\" src=\"https:\/\/mein.vn\/wp-content\/uploads\/2024\/07\/2024.png\" class=\"attachment-large size-large wp-image-1124\" alt=\"\" srcset=\"https:\/\/mein.vn\/wp-content\/uploads\/2024\/07\/2024.png 500w, https:\/\/mein.vn\/wp-content\/uploads\/2024\/07\/2024-300x300.png 300w, https:\/\/mein.vn\/wp-content\/uploads\/2024\/07\/2024-150x150.png 150w\" sizes=\"(max-width: 500px) 100vw, 500px\" \/>\t\t\t\t\t\t\t\t\t\t\t\t\t<\/div>\n\t\t\t\t<\/div>\n\t\t\t\t\t<\/div>\n\t\t\t\t<\/div>\n\t\t\t\t<\/div>\n\t\t\t\t<div class=\"elementor-element elementor-element-28e7295 elementor-align-center elementor-widget elementor-widget-button\" data-id=\"28e7295\" data-element_type=\"widget\" data-widget_type=\"button.default\">\n\t\t\t\t<div class=\"elementor-widget-container\">\n\t\t\t\t\t<div class=\"elementor-button-wrapper\">\n\t\t\t<a class=\"elementor-button elementor-button-link elementor-size-sm\" href=\"https:\/\/bep.mein.vn\/\">\n\t\t\t\t\t\t<span class=\"elementor-button-content-wrapper\">\n\t\t\t\t\t\t\t\t\t<span class=\"elementor-button-text\">\u0110\u1eb7t B\u00e0n<\/span>\n\t\t\t\t\t<\/span>\n\t\t\t\t\t<\/a>\n\t\t<\/div>\n\t\t\t\t<\/div>\n\t\t\t\t<\/div>\n\t\t\t\t\t<\/div>\n\t\t<\/div>\n\t\t\t\t<div class=\"elementor-column elementor-col-33 elementor-top-column elementor-element elementor-element-9190827\" data-id=\"9190827\" data-element_type=\"column\" data-settings=\"{&quot;background_background&quot;:&quot;classic&quot;}\">\n\t\t\t<div class=\"elementor-widget-wrap elementor-element-populated\">\n\t\t\t\t\t<div class=\"elementor-background-overlay\"><\/div>\n\t\t\t\t\t\t<div class=\"elementor-element elementor-element-983a47c elementor-widget elementor-widget-heading\" data-id=\"983a47c\" data-element_type=\"widget\" data-widget_type=\"heading.default\">\n\t\t\t\t<div class=\"elementor-widget-container\">\n\t\t\t<h2 class=\"elementor-heading-title elementor-size-default\">M\u1eb9 \u1ec8n Noodles<\/h2>\t\t<\/div>\n\t\t\t\t<\/div>\n\t\t\t\t<div class=\"elementor-element elementor-element-6b7ff8c elementor-widget elementor-widget-heading\" data-id=\"6b7ff8c\" data-element_type=\"widget\" data-widget_type=\"heading.default\">\n\t\t\t\t<div class=\"elementor-widget-container\">\n\t\t\t<h3 class=\"elementor-heading-title elementor-size-default\">Authentic Traditional Vietnamese Noodles<\/h3>\t\t<\/div>\n\t\t\t\t<\/div>\n\t\t\t\t<div class=\"elementor-element elementor-element-b17d288 elementor-widget elementor-widget-image\" data-id=\"b17d288\" data-element_type=\"widget\" data-widget_type=\"image.default\">\n\t\t\t\t<div class=\"elementor-widget-container\">\n\t\t\t\t\t\t\t\t\t\t\t\t\t<img fetchpriority=\"high\" decoding=\"async\" width=\"1024\" height=\"1024\" src=\"https:\/\/mein.vn\/wp-content\/uploads\/2023\/11\/10001\u62f7\u8c9d-1024x1024.png\" class=\"attachment-large size-large wp-image-981\" alt=\"\" srcset=\"https:\/\/mein.vn\/wp-content\/uploads\/2023\/11\/10001\u62f7\u8c9d-1024x1024.png 1024w, https:\/\/mein.vn\/wp-content\/uploads\/2023\/11\/10001\u62f7\u8c9d-300x300.png 300w, https:\/\/mein.vn\/wp-content\/uploads\/2023\/11\/10001\u62f7\u8c9d-150x150.png 150w, https:\/\/mein.vn\/wp-content\/uploads\/2023\/11\/10001\u62f7\u8c9d-768x768.png 768w, https:\/\/mein.vn\/wp-content\/uploads\/2023\/11\/10001\u62f7\u8c9d-530x530.png 530w, https:\/\/mein.vn\/wp-content\/uploads\/2023\/11\/10001\u62f7\u8c9d-750x750.png 750w, https:\/\/mein.vn\/wp-content\/uploads\/2023\/11\/10001\u62f7\u8c9d-500x500.png 500w, https:\/\/mein.vn\/wp-content\/uploads\/2023\/11\/10001\u62f7\u8c9d.png 1079w\" sizes=\"(max-width: 1024px) 100vw, 1024px\" \/>\t\t\t\t\t\t\t\t\t\t\t\t\t<\/div>\n\t\t\t\t<\/div>\n\t\t\t\t<div class=\"elementor-element elementor-element-a2cf54f elementor-align-center elementor-widget elementor-widget-button\" data-id=\"a2cf54f\" data-element_type=\"widget\" data-widget_type=\"button.default\">\n\t\t\t\t<div class=\"elementor-widget-container\">\n\t\t\t\t\t<div class=\"elementor-button-wrapper\">\n\t\t\t<a class=\"elementor-button elementor-button-link elementor-size-sm\" href=\"https:\/\/noodles.mein.vn\/\">\n\t\t\t\t\t\t<span class=\"elementor-button-content-wrapper\">\n\t\t\t\t\t\t\t\t\t<span class=\"elementor-button-text\">\u0110\u1eb7t B\u00e0n<\/span>\n\t\t\t\t\t<\/span>\n\t\t\t\t\t<\/a>\n\t\t<\/div>\n\t\t\t\t<\/div>\n\t\t\t\t<\/div>\n\t\t\t\t\t<\/div>\n\t\t<\/div>\n\t\t\t\t\t<\/div>\n\t\t<\/section>\n\t\t\t\t<section class=\"elementor-section elementor-top-section elementor-element elementor-element-915383c elementor-section-full_width elementor-section-height-min-height elementor-section-items-stretch elementor-section-height-default\" data-id=\"915383c\" data-element_type=\"section\" data-settings=\"{&quot;background_background&quot;:&quot;classic&quot;}\">\n\t\t\t\t\t\t<div class=\"elementor-container elementor-column-gap-default\">\n\t\t\t\t\t<div class=\"elementor-column elementor-col-50 elementor-top-column elementor-element elementor-element-1935189\" data-id=\"1935189\" data-element_type=\"column\" data-settings=\"{&quot;background_background&quot;:&quot;classic&quot;}\">\n\t\t\t<div class=\"elementor-widget-wrap elementor-element-populated\">\n\t\t\t\t\t<div class=\"elementor-background-overlay\"><\/div>\n\t\t\t\t\t\t<div class=\"elementor-element elementor-element-29f2810 elementor-widget elementor-widget-image-box\" data-id=\"29f2810\" data-element_type=\"widget\" data-widget_type=\"image-box.default\">\n\t\t\t\t<div class=\"elementor-widget-container\">\n\t\t\t<div class=\"elementor-image-box-wrapper\"><div class=\"elementor-image-box-content\"><h2 class=\"elementor-image-box-title\">V\u1ec1<br>t\u1eadp \u0111o\u00e0n M\u1eb9 \u1ec8n<\/h2><p class=\"elementor-image-box-description\">B\u1ebfp M\u1eb9 \u1ec8n l\u00e0 m\u1ed9t nh\u00e0 h\u00e0ng Vi\u1ec7t Nam cung c\u1ea5p m\u00f3n \u0103n theo phong c\u00e1ch gia \u0111\u00ecnh Vi\u1ec7t Nam, v\u1edbi c\u00e1c m\u00f3n \u0103n \u0111\u01b0\u1eddng ph\u1ed1 \u0111\u1eb7c tr\u01b0ng, c\u00e1c m\u00f3n \u0103n c\u1ed5 \u0111i\u1ec3n v\u00e0 m\u1ed9t s\u1ed1 m\u00f3n hi\u1ec7n \u0111\u1ea1i. B\u1ebfp M\u1eb9 \u1ec8n n\u1eb1m trong m\u1ed9t con h\u1ebbm \u0111\u1eadm ch\u1ea5t l\u1ecbch s\u1eed v\u00e0 v\u0103n h\u00f3a. T\u1eeb l\u1ed1i v\u00e0o d\u01b0\u1eddng nh\u01b0 kh\u00f4ng \u0111\u00e1ng ch\u00fa \u00fd, g\u1ea7n ch\u1ee3 B\u1ebfn Th\u00e0nh, \u0111i theo con \u0111\u01b0\u1eddng v\u00e0 s\u1ebd g\u1eb7p m\u1ed9t tr\u1ea3i nghi\u1ec7m \u1ea9m th\u1ef1c c\u00f3 phong c\u00e1ch \u0111\u1ed9c \u0111\u00e1o.<\/p><\/div><\/div>\t\t<\/div>\n\t\t\t\t<\/div>\n\t\t\t\t\t<\/div>\n\t\t<\/div>\n\t\t\t\t<div class=\"elementor-column elementor-col-50 elementor-top-column elementor-element elementor-element-556b106\" data-id=\"556b106\" data-element_type=\"column\" data-settings=\"{&quot;background_background&quot;:&quot;classic&quot;}\">\n\t\t\t<div class=\"elementor-widget-wrap\">\n\t\t\t\t\t<div class=\"elementor-background-overlay\"><\/div>\n\t\t\t\t\t\t\t<\/div>\n\t\t<\/div>\n\t\t\t\t\t<\/div>\n\t\t<\/section>\n\t\t\t\t<\/div>","protected":false},"excerpt":{"rendered":"<p>BANH MI me in Authentic Traditional Vietnamese Bread Book a table bep me in Authentic Traditional Vietnamese Cuisine Book a table ME IN NOODLES Authentic Traditional Vietnamese Noodles Book a table Aboutme in group Bep Me In is a vietnamese restaurant offering a Vietnamese family style food, with street food specialities, classic dishes, and some [&hellip;]<\/p>","protected":false},"author":1,"featured_media":0,"parent":0,"menu_order":0,"comment_status":"closed","ping_status":"closed","template":"","meta":{"rank_math_lock_modified_date":false,"site-sidebar-layout":"no-sidebar","site-content-layout":"page-builder","ast-site-content-layout":"full-width-container","site-content-style":"unboxed","site-sidebar-style":"unboxed","ast-global-header-display":"","ast-banner-title-visibility":"","ast-main-header-display":"","ast-hfb-above-header-display":"","ast-hfb-below-header-display":"","ast-hfb-mobile-header-display":"","site-post-title":"disabled","ast-breadcrumbs-content":"","ast-featured-img":"disabled","footer-sml-layout":"","theme-transparent-header-meta":"enabled","adv-header-id-meta":"","stick-header-meta":"","header-above-stick-meta":"","header-main-stick-meta":"","header-below-stick-meta":"","astra-migrate-meta-layouts":"set","ast-page-background-enabled":"default","ast-page-background-meta":{"desktop":{"background-color":"var(--ast-global-color-4)","background-image":"","background-repeat":"repeat","background-position":"center center","background-size":"auto","background-attachment":"scroll","background-type":"","background-media":"","overlay-type":"","overlay-color":"","overlay-gradient":""},"tablet":{"background-color":"","background-image":"","background-repeat":"repeat","background-position":"center center","background-size":"auto","background-attachment":"scroll","background-type":"","background-media":"","overlay-type":"","overlay-color":"","overlay-gradient":""},"mobile":{"background-color":"","background-image":"","background-repeat":"repeat","background-position":"center center","background-size":"auto","background-attachment":"scroll","background-type":"","background-media":"","overlay-type":"","overlay-color":"","overlay-gradient":""}},"ast-content-background-meta":{"desktop":{"background-color":"var(--ast-global-color-5)","background-image":"","background-repeat":"repeat","background-position":"center center","background-size":"auto","background-attachment":"scroll","background-type":"","background-media":"","overlay-type":"","overlay-color":"","overlay-gradient":""},"tablet":{"background-color":"var(--ast-global-color-5)","background-image":"","background-repeat":"repeat","background-position":"center center","background-size":"auto","background-attachment":"scroll","background-type":"","background-media":"","overlay-type":"","overlay-color":"","overlay-gradient":""},"mobile":{"background-color":"var(--ast-global-color-5)","background-image":"","background-repeat":"repeat","background-position":"center center","background-size":"auto","background-attachment":"scroll","background-type":"","background-media":"","overlay-type":"","overlay-color":"","overlay-gradient":""}},"footnotes":""},"class_list":["post-8","page","type-page","status-publish","hentry"],"_links":{"self":[{"href":"https:\/\/mein.vn\/vi\/wp-json\/wp\/v2\/pages\/8","targetHints":{"allow":["GET"]}}],"collection":[{"href":"https:\/\/mein.vn\/vi\/wp-json\/wp\/v2\/pages"}],"about":[{"href":"https:\/\/mein.vn\/vi\/wp-json\/wp\/v2\/types\/page"}],"author":[{"embeddable":true,"href":"https:\/\/mein.vn\/vi\/wp-json\/wp\/v2\/users\/1"}],"replies":[{"embeddable":true,"href":"https:\/\/mein.vn\/vi\/wp-json\/wp\/v2\/comments?post=8"}],"version-history":[{"count":155,"href":"https:\/\/mein.vn\/vi\/wp-json\/wp\/v2\/pages\/8\/revisions"}],"predecessor-version":[{"id":1161,"href":"https:\/\/mein.vn\/vi\/wp-json\/wp\/v2\/pages\/8\/revisions\/1161"}],"wp:attachment":[{"href":"https:\/\/mein.vn\/vi\/wp-json\/wp\/v2\/media?parent=8"}],"curies":[{"name":"wp","href":"https:\/\/api.w.org\/{rel}","templated":true}]}}